{"id":17773,"date":"2021-03-07T17:02:13","date_gmt":"2021-03-07T14:02:13","guid":{"rendered":"http:\/\/www.renktonaluminyum.com\/?page_id=17773"},"modified":"2021-03-07T17:03:47","modified_gmt":"2021-03-07T14:03:47","slug":"cnc-machines","status":"publish","type":"page","link":"https:\/\/renktonaluminyum.com\/en\/cnc-machines\/","title":{"rendered":"Cnc Machines"},"content":{"rendered":"\t\t<div data-elementor-type=\"wp-page\" data-elementor-id=\"17773\" class=\"elementor elementor-17773\" data-elementor-settings=\"[]\">\n\t\t\t\t\t\t\t<div class=\"elementor-section-wrap\">\n\t\t\t\t\t\t\t<section class=\"elementor-section elementor-top-section elementor-element elementor-element-e06de24 elementor-section-full_width elementor-section-height-default elementor-section-height-default\" data-id=\"e06de24\" data-element_type=\"section\">\n\t\t\t\t\t\t<div class=\"elementor-container elementor-column-gap-default\">\n\t\t\t\t\t<div class=\"elementor-column elementor-col-100 elementor-top-column elementor-widget-wrap elementor-element-populated elementor-element elementor-element-0ca3938\" data-id=\"0ca3938\" data-element_type=\"column\">\n\t\t\t\t\t\t\t\t\t\t<div class=\"elementor-element elementor-element-9860327 elementor-widget elementor-widget-gyan_multi_heading\" data-id=\"9860327\" data-element_type=\"widget\" data-widget_type=\"gyan_multi_heading.default\">\n\t\t\t\t<div class=\"elementor-widget-container\">\n\t\t\t<div id =\"9860327\" class=\"gyan-multi-heading\"><div class=\"gyan-sub-heading\"><div class=\"gyan-sub-heading-content\">Machines<\/div><\/div> <h1 class=\"gyan-heading-title\"><div class=\"gyan-main-heading\"><div class=\"gyan-main-heading-inner\">Cnc Machines\n<\/div><\/div><\/h1><\/div>\t\t<\/div>\n\t\t\t\t<\/div>\n\t\t\t\t<div class=\"elementor-element elementor-element-4782f35 elementor-widget elementor-widget-text-editor\" data-id=\"4782f35\" data-element_type=\"widget\" data-widget_type=\"text-editor.default\">\n\t\t\t\t<div class=\"elementor-widget-container\">\n\t\t\t\t\t\t\t\tWe bring forward advantageous options on the way to a solution with machine types and prices that create a great economic advantage.\n\n\t\t\t\t\t\t<\/div>\n\t\t\t\t<\/div>\n\t\t\t\t<div class=\"elementor-element elementor-element-054c106 elementor-grid-5 elementor-grid-tablet-2 elementor-grid-mobile-1 elementor-widget elementor-widget-gyan_portfolio\" data-id=\"054c106\" data-element_type=\"widget\" data-settings=\"{&quot;columns&quot;:&quot;5&quot;,&quot;columns_tablet&quot;:&quot;2&quot;,&quot;columns_mobile&quot;:&quot;1&quot;}\" data-widget_type=\"gyan_portfolio.default\">\n\t\t\t\t<div class=\"elementor-widget-container\">\n\t\t\t        <div class=\"gyan-portfolio gyan-portfolio-054c106\"\n        data-layout=\"grid\" data-rtl=\"false\">\n\n            \n            <div class=\"gyan-portfolio-grid gyan-elementor-grid gyan-pf-style-2 gyan-pf-overlay-scale gyan-pf-content-center\" >\n                                    <div class=\"gyan-portfolio-item gyan-grid-item-wrap \">\n                            <div class=\"gyan-portfolio-item-inner gyan-grid-item\">\n                                <div class=\"gyan-portfolio-img-holder\">\n\n    <img decoding=\"async\" src=\"https:\/\/renktonaluminyum.com\/wp-content\/uploads\/2020\/11\/AIM-4310-1-1.jpg\" alt=\"\">\n\n    \n        <div class=\"gyan-portfolio-overlay gyan-overlay gyan-flex\">\n            <div class=\"gyan-portfolio-all-content gyan-ease-transition gyan-flex\">\n\n                \n                    <div class=\"gyan-portfolio-content gyan-flex gyan-ease-transition\">\n\n                        \n                                                     <div class=\"gyan-portfolio-title\">\n                                <h4  class=\"gyan-portfolio-title-tag\">\n                                                                    <a href=\"https:\/\/renktonaluminyum.com\/en\/urunler\/aim-4310-aluminyum-profil-isleme-merkezi\/\" class=\"gyan-portfolio-title-link\">\n                                \n                                AIM 4310 Al\u00fcminyum Profil \u0130\u015fleme Merkezi\n                                                                    <\/a>\n                                                                <\/h4>\n                            <\/div>\n                        \n                        \n                        \n                    <\/div>\n\n                 \n            <\/div>\n        <\/div>\n\n     \n<\/div>                            <\/div>\n                        <\/div>\n                                                    <div class=\"gyan-portfolio-item gyan-grid-item-wrap cat-127 cat-127 cat-127 cat-127 cat-127 cat-127 cat-127 cat-127\">\n                            <div class=\"gyan-portfolio-item-inner gyan-grid-item\">\n                                <div class=\"gyan-portfolio-img-holder\">\n\n    <img decoding=\"async\" src=\"https:\/\/renktonaluminyum.com\/wp-content\/uploads\/2020\/11\/AIM-4420-1.jpg\" alt=\"\">\n\n    \n        <div class=\"gyan-portfolio-overlay gyan-overlay gyan-flex\">\n            <div class=\"gyan-portfolio-all-content gyan-ease-transition gyan-flex\">\n\n                \n                    <div class=\"gyan-portfolio-content gyan-flex gyan-ease-transition\">\n\n                        \n                                                     <div class=\"gyan-portfolio-title\">\n                                <h4  class=\"gyan-portfolio-title-tag\">\n                                                                    <a href=\"https:\/\/renktonaluminyum.com\/en\/urunler\/aim-4420-4-eksenli-cnc-profil-isleme-merkezi\/\" class=\"gyan-portfolio-title-link\">\n                                \n                                AIM 4420 4 Eksenli CNC Profil \u0130\u015fleme Merkezi\n                                                                    <\/a>\n                                                                <\/h4>\n                            <\/div>\n                        \n                        <div class=\"gyan-portfolio-category\">Cnc Makineleri, Cnc Makineleri, Cnc Makineleri, Cnc Makineleri, Cnc Makineleri, Cnc Makineleri, Cnc Makineleri, Cnc Makineleri<\/div>\n                        \n                    <\/div>\n\n                 \n            <\/div>\n        <\/div>\n\n     \n<\/div>                            <\/div>\n                        <\/div>\n                                                    <div class=\"gyan-portfolio-item gyan-grid-item-wrap \">\n                            <div class=\"gyan-portfolio-item-inner gyan-grid-item\">\n                                <div class=\"gyan-portfolio-img-holder\">\n\n    <img decoding=\"async\" src=\"https:\/\/renktonaluminyum.com\/wp-content\/uploads\/2020\/11\/AIM-7510-1.jpg\" alt=\"\">\n\n    \n        <div class=\"gyan-portfolio-overlay gyan-overlay gyan-flex\">\n            <div class=\"gyan-portfolio-all-content gyan-ease-transition gyan-flex\">\n\n                \n                    <div class=\"gyan-portfolio-content gyan-flex gyan-ease-transition\">\n\n                        \n                                                     <div class=\"gyan-portfolio-title\">\n                                <h4  class=\"gyan-portfolio-title-tag\">\n                                                                    <a href=\"https:\/\/renktonaluminyum.com\/en\/urunler\/aim-7510-5-eksen-aluminyum-profil-isleme-merkezi\/\" class=\"gyan-portfolio-title-link\">\n                                \n                                AIM 7510 5 Eksen Al\u00fcminyum Profil \u0130\u015fleme Merkezi\n                                                                    <\/a>\n                                                                <\/h4>\n                            <\/div>\n                        \n                        \n                        \n                    <\/div>\n\n                 \n            <\/div>\n        <\/div>\n\n     \n<\/div>                            <\/div>\n                        <\/div>\n                                                    <div class=\"gyan-portfolio-item gyan-grid-item-wrap \">\n                            <div class=\"gyan-portfolio-item-inner gyan-grid-item\">\n                                <div class=\"gyan-portfolio-img-holder\">\n\n    <img decoding=\"async\" src=\"https:\/\/renktonaluminyum.com\/wp-content\/uploads\/2020\/11\/CCL-1660-1.jpg\" alt=\"\">\n\n    \n        <div class=\"gyan-portfolio-overlay gyan-overlay gyan-flex\">\n            <div class=\"gyan-portfolio-all-content gyan-ease-transition gyan-flex\">\n\n                \n                    <div class=\"gyan-portfolio-content gyan-flex gyan-ease-transition\">\n\n                        \n                                                     <div class=\"gyan-portfolio-title\">\n                                <h4  class=\"gyan-portfolio-title-tag\">\n                                                                    <a href=\"https:\/\/renktonaluminyum.com\/en\/urunler\/ccl-1660-pvc-kaynak-ve-kose-temizleme-hatti\/\" class=\"gyan-portfolio-title-link\">\n                                \n                                CCL 1660  PVC Kaynak Ve K\u00f6\u015fe Temizleme Hatt\u0131\n                                                                    <\/a>\n                                                                <\/h4>\n                            <\/div>\n                        \n                        \n                        \n                    <\/div>\n\n                 \n            <\/div>\n        <\/div>\n\n     \n<\/div>                            <\/div>\n                        <\/div>\n                                                    <div class=\"gyan-portfolio-item gyan-grid-item-wrap \">\n                            <div class=\"gyan-portfolio-item-inner gyan-grid-item\">\n                                <div class=\"gyan-portfolio-img-holder\">\n\n    <img decoding=\"async\" src=\"https:\/\/renktonaluminyum.com\/wp-content\/uploads\/2020\/11\/CPM-4150-.jpg\" alt=\"\">\n\n    \n        <div class=\"gyan-portfolio-overlay gyan-overlay gyan-flex\">\n            <div class=\"gyan-portfolio-all-content gyan-ease-transition gyan-flex\">\n\n                \n                    <div class=\"gyan-portfolio-content gyan-flex gyan-ease-transition\">\n\n                        \n                                                     <div class=\"gyan-portfolio-title\">\n                                <h4  class=\"gyan-portfolio-title-tag\">\n                                                                    <a href=\"https:\/\/renktonaluminyum.com\/en\/urunler\/cpm-4150-kompozit-panel-isleme-makinesi\/\" class=\"gyan-portfolio-title-link\">\n                                \n                                CPM 4150 Kompozit Panel \u0130\u015fleme Makinesi\n                                                                    <\/a>\n                                                                <\/h4>\n                            <\/div>\n                        \n                        \n                        \n                    <\/div>\n\n                 \n            <\/div>\n        <\/div>\n\n     \n<\/div>                            <\/div>\n                        <\/div>\n                                                    <div class=\"gyan-portfolio-item gyan-grid-item-wrap \">\n                            <div class=\"gyan-portfolio-item-inner gyan-grid-item\">\n                                <div class=\"gyan-portfolio-img-holder\">\n\n    <img decoding=\"async\" src=\"https:\/\/renktonaluminyum.com\/wp-content\/uploads\/2020\/11\/CPM-6161.jpg\" alt=\"\">\n\n    \n        <div class=\"gyan-portfolio-overlay gyan-overlay gyan-flex\">\n            <div class=\"gyan-portfolio-all-content gyan-ease-transition gyan-flex\">\n\n                \n                    <div class=\"gyan-portfolio-content gyan-flex gyan-ease-transition\">\n\n                        \n                                                     <div class=\"gyan-portfolio-title\">\n                                <h4  class=\"gyan-portfolio-title-tag\">\n                                                                    <a href=\"https:\/\/renktonaluminyum.com\/en\/urunler\/cpm-6161-cift-istasyonu-kompozit-panel-isleme-merkezi\/\" class=\"gyan-portfolio-title-link\">\n                                \n                                CPM 6161 \u00c7ift \u0130stasyonu Kompozit Panel \u0130\u015fleme Merkezi\n                                                                    <\/a>\n                                                                <\/h4>\n                            <\/div>\n                        \n                        \n                        \n                    <\/div>\n\n                 \n            <\/div>\n        <\/div>\n\n     \n<\/div>                            <\/div>\n                        <\/div>\n                                                    <div class=\"gyan-portfolio-item gyan-grid-item-wrap \">\n                            <div class=\"gyan-portfolio-item-inner gyan-grid-item\">\n                                <div class=\"gyan-portfolio-img-holder\">\n\n    <img decoding=\"async\" src=\"https:\/\/renktonaluminyum.com\/wp-content\/uploads\/2020\/11\/PCC-6505.jpg\" alt=\"\">\n\n    \n        <div class=\"gyan-portfolio-overlay gyan-overlay gyan-flex\">\n            <div class=\"gyan-portfolio-all-content gyan-ease-transition gyan-flex\">\n\n                \n                    <div class=\"gyan-portfolio-content gyan-flex gyan-ease-transition\">\n\n                        \n                                                     <div class=\"gyan-portfolio-title\">\n                                <h4  class=\"gyan-portfolio-title-tag\">\n                                                                    <a href=\"https:\/\/renktonaluminyum.com\/en\/urunler\/pcc-6505-profil-kesme-merkezi\/\" class=\"gyan-portfolio-title-link\">\n                                \n                                PCC 6505 Profil Kesme Merkezi\n                                                                    <\/a>\n                                                                <\/h4>\n                            <\/div>\n                        \n                        \n                        \n                    <\/div>\n\n                 \n            <\/div>\n        <\/div>\n\n     \n<\/div>                            <\/div>\n                        <\/div>\n                                                    <div class=\"gyan-portfolio-item gyan-grid-item-wrap \">\n                            <div class=\"gyan-portfolio-item-inner gyan-grid-item\">\n                                <div class=\"gyan-portfolio-img-holder\">\n\n    <img decoding=\"async\" src=\"https:\/\/renktonaluminyum.com\/wp-content\/uploads\/2020\/11\/PIM-6508.jpg\" alt=\"\">\n\n    \n        <div class=\"gyan-portfolio-overlay gyan-overlay gyan-flex\">\n            <div class=\"gyan-portfolio-all-content gyan-ease-transition gyan-flex\">\n\n                \n                    <div class=\"gyan-portfolio-content gyan-flex gyan-ease-transition\">\n\n                        \n                                                     <div class=\"gyan-portfolio-title\">\n                                <h4  class=\"gyan-portfolio-title-tag\">\n                                                                    <a href=\"https:\/\/renktonaluminyum.com\/en\/urunler\/pim-6508-pvc-profil-isleme-makinesi\/\" class=\"gyan-portfolio-title-link\">\n                                \n                                PIM 6508 PVC Profil \u0130\u015fleme Makinesi\n                                                                    <\/a>\n                                                                <\/h4>\n                            <\/div>\n                        \n                        \n                        \n                    <\/div>\n\n                 \n            <\/div>\n        <\/div>\n\n     \n<\/div>                            <\/div>\n                        <\/div>\n                                        <\/div><div class=\"clear\"><\/div>\n        <\/div>\n\n         \n        \t\t<\/div>\n\t\t\t\t<\/div>\n\t\t\t\t<\/div>\n\t\t\t\t\t\t\t<\/div>\n\t\t<\/section>\n\t\t\t\t\t\t<\/div>\n\t\t\t\t\t<\/div>\n\t\t","protected":false},"excerpt":{"rendered":"<p>Machines Cnc Machines We bring forward advantageous options on the way to a solution with machine types and prices that create a great economic advantage. AIM 4310 Al\u00fcminyum Profil \u0130\u015fleme Merkezi Cnc Makineleri AIM 4420 4 Eksenli CNC Profil \u0130\u015fleme Merkezi Cnc Makineleri AIM 7510 5 Eksen Al\u00fcminyum Profil \u0130\u015fleme [&hellip;]<\/p>\n","protected":false},"author":1,"featured_media":0,"parent":0,"menu_order":0,"comment_status":"closed","ping_status":"closed","template":"","meta":{"footnotes":""},"class_list":["post-17773","page","type-page","status-publish","hentry"],"_links":{"self":[{"href":"https:\/\/renktonaluminyum.com\/en\/wp-json\/wp\/v2\/pages\/17773","targetHints":{"allow":["GET"]}}],"collection":[{"href":"https:\/\/renktonaluminyum.com\/en\/wp-json\/wp\/v2\/pages"}],"about":[{"href":"https:\/\/renktonaluminyum.com\/en\/wp-json\/wp\/v2\/types\/page"}],"author":[{"embeddable":true,"href":"https:\/\/renktonaluminyum.com\/en\/wp-json\/wp\/v2\/users\/1"}],"replies":[{"embeddable":true,"href":"https:\/\/renktonaluminyum.com\/en\/wp-json\/wp\/v2\/comments?post=17773"}],"version-history":[{"count":0,"href":"https:\/\/renktonaluminyum.com\/en\/wp-json\/wp\/v2\/pages\/17773\/revisions"}],"wp:attachment":[{"href":"https:\/\/renktonaluminyum.com\/en\/wp-json\/wp\/v2\/media?parent=17773"}],"curies":[{"name":"wp","href":"https:\/\/api.w.org\/{rel}","templated":true}]}}