{"id":16696,"date":"2021-02-03T06:39:52","date_gmt":"2021-02-03T03:39:52","guid":{"rendered":"http:\/\/www.renktonaluminyum.com\/?page_id=16696"},"modified":"2021-02-15T07:06:36","modified_gmt":"2021-02-15T04:06:36","slug":"handrail-systems","status":"publish","type":"page","link":"https:\/\/renktonaluminyum.com\/en\/handrail-systems\/","title":{"rendered":"Handrail Systems"},"content":{"rendered":"\t\t<div data-elementor-type=\"wp-page\" data-elementor-id=\"16696\" class=\"elementor elementor-16696\" data-elementor-settings=\"[]\">\n\t\t\t\t\t\t\t<div class=\"elementor-section-wrap\">\n\t\t\t\t\t\t\t<section class=\"elementor-section elementor-top-section elementor-element elementor-element-39a3efa elementor-section-full_width elementor-section-height-default elementor-section-height-default\" data-id=\"39a3efa\" data-element_type=\"section\">\n\t\t\t\t\t\t<div class=\"elementor-container elementor-column-gap-default\">\n\t\t\t\t\t<div class=\"elementor-column elementor-col-100 elementor-top-column elementor-widget-wrap elementor-element-populated elementor-element elementor-element-a878802\" data-id=\"a878802\" data-element_type=\"column\">\n\t\t\t\t\t\t\t\t\t\t<div class=\"elementor-element elementor-element-563f8ce elementor-widget elementor-widget-gyan_multi_heading\" data-id=\"563f8ce\" data-element_type=\"widget\" data-widget_type=\"gyan_multi_heading.default\">\n\t\t\t\t<div class=\"elementor-widget-container\">\n\t\t\t<div id =\"563f8ce\" class=\"gyan-multi-heading\"><div class=\"gyan-sub-heading\"><div class=\"gyan-sub-heading-content\">Al\u00fcminum Joinery<\/div><\/div> <h1 class=\"gyan-heading-title\"><div class=\"gyan-main-heading\"><div class=\"gyan-main-heading-inner\">Handrail Systems\n<\/div><\/div><\/h1><\/div>\t\t<\/div>\n\t\t\t\t<\/div>\n\t\t\t\t<div class=\"elementor-element elementor-element-24ac68f elementor-widget elementor-widget-text-editor\" data-id=\"24ac68f\" data-element_type=\"widget\" data-widget_type=\"text-editor.default\">\n\t\t\t\t<div class=\"elementor-widget-container\">\n\t\t\t\t\t\t\t\tWith the aluminum profile types and prices that create a great advantage economically, we bring the advantageous options on the way to the solution.\n\t\t\t\t\t\t<\/div>\n\t\t\t\t<\/div>\n\t\t\t\t<div class=\"elementor-element elementor-element-07dd6ba elementor-grid-5 elementor-grid-tablet-2 elementor-grid-mobile-1 elementor-widget elementor-widget-gyan_portfolio\" data-id=\"07dd6ba\" data-element_type=\"widget\" data-settings=\"{&quot;columns&quot;:&quot;5&quot;,&quot;columns_tablet&quot;:&quot;2&quot;,&quot;columns_mobile&quot;:&quot;1&quot;}\" data-widget_type=\"gyan_portfolio.default\">\n\t\t\t\t<div class=\"elementor-widget-container\">\n\t\t\t        <div class=\"gyan-portfolio gyan-portfolio-07dd6ba\"\n        data-layout=\"grid\" data-rtl=\"false\">\n\n            \n            <div class=\"gyan-portfolio-grid gyan-elementor-grid gyan-pf-style-2 gyan-pf-overlay-scale gyan-pf-content-center\" >\n                                    <div class=\"gyan-portfolio-item gyan-grid-item-wrap \">\n                            <div class=\"gyan-portfolio-item-inner gyan-grid-item\">\n                                <div class=\"gyan-portfolio-img-holder\">\n\n    <img decoding=\"async\" src=\"https:\/\/renktonaluminyum.com\/wp-content\/uploads\/2021\/01\/rs-45-ovak-kupeste.jpg\" alt=\"\">\n\n    \n        <div class=\"gyan-portfolio-overlay gyan-overlay gyan-flex\">\n            <div class=\"gyan-portfolio-all-content gyan-ease-transition gyan-flex\">\n\n                \n                    <div class=\"gyan-portfolio-content gyan-flex gyan-ease-transition\">\n\n                        \n                                                     <div class=\"gyan-portfolio-title\">\n                                <h4  class=\"gyan-portfolio-title-tag\">\n                                                                    <a href=\"https:\/\/renktonaluminyum.com\/en\/urunler\/rs-45-oval-kupeste\/\" class=\"gyan-portfolio-title-link\">\n                                \n                                RS 45 Oval K\u00fcpe\u015fte\n                                                                    <\/a>\n                                                                <\/h4>\n                            <\/div>\n                        \n                        \n                        \n                    <\/div>\n\n                 \n            <\/div>\n        <\/div>\n\n     \n<\/div>                            <\/div>\n                        <\/div>\n                                                    <div class=\"gyan-portfolio-item gyan-grid-item-wrap \">\n                            <div class=\"gyan-portfolio-item-inner gyan-grid-item\">\n                                <div class=\"gyan-portfolio-img-holder\">\n\n    <img decoding=\"async\" src=\"https:\/\/renktonaluminyum.com\/wp-content\/uploads\/2020\/11\/PLK.jpg\" alt=\"\">\n\n    \n        <div class=\"gyan-portfolio-overlay gyan-overlay gyan-flex\">\n            <div class=\"gyan-portfolio-all-content gyan-ease-transition gyan-flex\">\n\n                \n                    <div class=\"gyan-portfolio-content gyan-flex gyan-ease-transition\">\n\n                        \n                                                     <div class=\"gyan-portfolio-title\">\n                                <h4  class=\"gyan-portfolio-title-tag\">\n                                                                    <a href=\"https:\/\/renktonaluminyum.com\/en\/urunler\/plk-pleksi-ayak\/\" class=\"gyan-portfolio-title-link\">\n                                \n                                PLK Pleksi Ayak\n                                                                    <\/a>\n                                                                <\/h4>\n                            <\/div>\n                        \n                        \n                        \n                    <\/div>\n\n                 \n            <\/div>\n        <\/div>\n\n     \n<\/div>                            <\/div>\n                        <\/div>\n                                                    <div class=\"gyan-portfolio-item gyan-grid-item-wrap \">\n                            <div class=\"gyan-portfolio-item-inner gyan-grid-item\">\n                                <div class=\"gyan-portfolio-img-holder\">\n\n    <img decoding=\"async\" src=\"https:\/\/renktonaluminyum.com\/wp-content\/uploads\/2020\/11\/Y40.jpg\" alt=\"\">\n\n    \n        <div class=\"gyan-portfolio-overlay gyan-overlay gyan-flex\">\n            <div class=\"gyan-portfolio-all-content gyan-ease-transition gyan-flex\">\n\n                \n                    <div class=\"gyan-portfolio-content gyan-flex gyan-ease-transition\">\n\n                        \n                                                     <div class=\"gyan-portfolio-title\">\n                                <h4  class=\"gyan-portfolio-title-tag\">\n                                                                    <a href=\"https:\/\/renktonaluminyum.com\/en\/urunler\/y-40-kupeste-yuvarlak-profil\/\" class=\"gyan-portfolio-title-link\">\n                                \n                                Y 40 K\u00fcpe\u015fte Yuvarlak Profil\n                                                                    <\/a>\n                                                                <\/h4>\n                            <\/div>\n                        \n                        \n                        \n                    <\/div>\n\n                 \n            <\/div>\n        <\/div>\n\n     \n<\/div>                            <\/div>\n                        <\/div>\n                                                    <div class=\"gyan-portfolio-item gyan-grid-item-wrap \">\n                            <div class=\"gyan-portfolio-item-inner gyan-grid-item\">\n                                <div class=\"gyan-portfolio-img-holder\">\n\n    <img decoding=\"async\" src=\"https:\/\/renktonaluminyum.com\/wp-content\/uploads\/2020\/11\/Y40.jpg\" alt=\"\">\n\n    \n        <div class=\"gyan-portfolio-overlay gyan-overlay gyan-flex\">\n            <div class=\"gyan-portfolio-all-content gyan-ease-transition gyan-flex\">\n\n                \n                    <div class=\"gyan-portfolio-content gyan-flex gyan-ease-transition\">\n\n                        \n                                                     <div class=\"gyan-portfolio-title\">\n                                <h4  class=\"gyan-portfolio-title-tag\">\n                                                                    <a href=\"https:\/\/renktonaluminyum.com\/en\/urunler\/y-40-kupeste-yuvarlak-aksesuar\/\" class=\"gyan-portfolio-title-link\">\n                                \n                                Y 40 K\u00fcpe\u015fte Yuvarlak Aksesuar\n                                                                    <\/a>\n                                                                <\/h4>\n                            <\/div>\n                        \n                        \n                        \n                    <\/div>\n\n                 \n            <\/div>\n        <\/div>\n\n     \n<\/div>                            <\/div>\n                        <\/div>\n                                                    <div class=\"gyan-portfolio-item gyan-grid-item-wrap \">\n                            <div class=\"gyan-portfolio-item-inner gyan-grid-item\">\n                                <div class=\"gyan-portfolio-img-holder\">\n\n    <img decoding=\"async\" src=\"https:\/\/renktonaluminyum.com\/wp-content\/uploads\/2020\/11\/Q40.jpg\" alt=\"\">\n\n    \n        <div class=\"gyan-portfolio-overlay gyan-overlay gyan-flex\">\n            <div class=\"gyan-portfolio-all-content gyan-ease-transition gyan-flex\">\n\n                \n                    <div class=\"gyan-portfolio-content gyan-flex gyan-ease-transition\">\n\n                        \n                                                     <div class=\"gyan-portfolio-title\">\n                                <h4  class=\"gyan-portfolio-title-tag\">\n                                                                    <a href=\"https:\/\/renktonaluminyum.com\/en\/urunler\/q-40-kupeste-kare-profil\/\" class=\"gyan-portfolio-title-link\">\n                                \n                                Q 40 K\u00fcpe\u015fte Kare Profil\n                                                                    <\/a>\n                                                                <\/h4>\n                            <\/div>\n                        \n                        \n                        \n                    <\/div>\n\n                 \n            <\/div>\n        <\/div>\n\n     \n<\/div>                            <\/div>\n                        <\/div>\n                                                    <div class=\"gyan-portfolio-item gyan-grid-item-wrap \">\n                            <div class=\"gyan-portfolio-item-inner gyan-grid-item\">\n                                <div class=\"gyan-portfolio-img-holder\">\n\n    <img decoding=\"async\" src=\"https:\/\/renktonaluminyum.com\/wp-content\/uploads\/2020\/11\/Q40.jpg\" alt=\"\">\n\n    \n        <div class=\"gyan-portfolio-overlay gyan-overlay gyan-flex\">\n            <div class=\"gyan-portfolio-all-content gyan-ease-transition gyan-flex\">\n\n                \n                    <div class=\"gyan-portfolio-content gyan-flex gyan-ease-transition\">\n\n                        \n                                                     <div class=\"gyan-portfolio-title\">\n                                <h4  class=\"gyan-portfolio-title-tag\">\n                                                                    <a href=\"https:\/\/renktonaluminyum.com\/en\/urunler\/q-40-kupeste-kare-aksesuar\/\" class=\"gyan-portfolio-title-link\">\n                                \n                                Q 40 K\u00fcpe\u015fte Kare Aksesuar\n                                                                    <\/a>\n                                                                <\/h4>\n                            <\/div>\n                        \n                        \n                        \n                    <\/div>\n\n                 \n            <\/div>\n        <\/div>\n\n     \n<\/div>                            <\/div>\n                        <\/div>\n                                                    <div class=\"gyan-portfolio-item gyan-grid-item-wrap cat-117 cat-117 cat-117 cat-117 cat-117 cat-117 cat-117\">\n                            <div class=\"gyan-portfolio-item-inner gyan-grid-item\">\n                                <div class=\"gyan-portfolio-img-holder\">\n\n    <img decoding=\"async\" src=\"https:\/\/renktonaluminyum.com\/wp-content\/uploads\/2020\/11\/GS-50-Cam-Kanal-Sistem.jpg\" alt=\"\">\n\n    \n        <div class=\"gyan-portfolio-overlay gyan-overlay gyan-flex\">\n            <div class=\"gyan-portfolio-all-content gyan-ease-transition gyan-flex\">\n\n                \n                    <div class=\"gyan-portfolio-content gyan-flex gyan-ease-transition\">\n\n                        \n                                                     <div class=\"gyan-portfolio-title\">\n                                <h4  class=\"gyan-portfolio-title-tag\">\n                                                                    <a href=\"https:\/\/renktonaluminyum.com\/en\/urunler\/gs-50-cam-kanal-sistem\/\" class=\"gyan-portfolio-title-link\">\n                                \n                                GS-50 Cam Kanal Sistem\n                                                                    <\/a>\n                                                                <\/h4>\n                            <\/div>\n                        \n                        <div class=\"gyan-portfolio-category\">K\u00fcpe\u015fte Sistemleri, K\u00fcpe\u015fte Sistemleri, K\u00fcpe\u015fte Sistemleri, K\u00fcpe\u015fte Sistemleri, K\u00fcpe\u015fte Sistemleri, K\u00fcpe\u015fte Sistemleri, K\u00fcpe\u015fte Sistemleri<\/div>\n                        \n                    <\/div>\n\n                 \n            <\/div>\n        <\/div>\n\n     \n<\/div>                            <\/div>\n                        <\/div>\n                                        <\/div><div class=\"clear\"><\/div>\n        <\/div>\n\n         \n        \t\t<\/div>\n\t\t\t\t<\/div>\n\t\t\t\t<\/div>\n\t\t\t\t\t\t\t<\/div>\n\t\t<\/section>\n\t\t\t\t\t\t<\/div>\n\t\t\t\t\t<\/div>\n\t\t","protected":false},"excerpt":{"rendered":"<p>Al\u00fcminum Joinery Handrail Systems With the aluminum profile types and prices that create a great advantage economically, we bring the advantageous options on the way to the solution. RS 45 Oval K\u00fcpe\u015fte K\u00fcpe\u015fte Sistemleri PLK Pleksi Ayak K\u00fcpe\u015fte Sistemleri Y 40 K\u00fcpe\u015fte Yuvarlak Profil K\u00fcpe\u015fte Sistemleri Y 40 K\u00fcpe\u015fte Yuvarlak [&hellip;]<\/p>\n","protected":false},"author":1,"featured_media":0,"parent":0,"menu_order":0,"comment_status":"closed","ping_status":"closed","template":"","meta":{"footnotes":""},"class_list":["post-16696","page","type-page","status-publish","hentry"],"_links":{"self":[{"href":"https:\/\/renktonaluminyum.com\/en\/wp-json\/wp\/v2\/pages\/16696","targetHints":{"allow":["GET"]}}],"collection":[{"href":"https:\/\/renktonaluminyum.com\/en\/wp-json\/wp\/v2\/pages"}],"about":[{"href":"https:\/\/renktonaluminyum.com\/en\/wp-json\/wp\/v2\/types\/page"}],"author":[{"embeddable":true,"href":"https:\/\/renktonaluminyum.com\/en\/wp-json\/wp\/v2\/users\/1"}],"replies":[{"embeddable":true,"href":"https:\/\/renktonaluminyum.com\/en\/wp-json\/wp\/v2\/comments?post=16696"}],"version-history":[{"count":0,"href":"https:\/\/renktonaluminyum.com\/en\/wp-json\/wp\/v2\/pages\/16696\/revisions"}],"wp:attachment":[{"href":"https:\/\/renktonaluminyum.com\/en\/wp-json\/wp\/v2\/media?parent=16696"}],"curies":[{"name":"wp","href":"https:\/\/api.w.org\/{rel}","templated":true}]}}