{"id":16695,"date":"2021-02-03T06:35:53","date_gmt":"2021-02-03T03:35:53","guid":{"rendered":"http:\/\/www.renktonaluminyum.com\/?page_id=16695"},"modified":"2021-02-15T07:04:20","modified_gmt":"2021-02-15T04:04:20","slug":"composite-panel","status":"publish","type":"page","link":"https:\/\/renktonaluminyum.com\/en\/composite-panel\/","title":{"rendered":"Composite panel"},"content":{"rendered":"\t\t<div data-elementor-type=\"wp-page\" data-elementor-id=\"16695\" class=\"elementor elementor-16695\" data-elementor-settings=\"[]\">\n\t\t\t\t\t\t\t<div class=\"elementor-section-wrap\">\n\t\t\t\t\t\t\t<section class=\"elementor-section elementor-top-section elementor-element elementor-element-3d9dd2a6 elementor-section-full_width elementor-section-height-default elementor-section-height-default\" data-id=\"3d9dd2a6\" data-element_type=\"section\">\n\t\t\t\t\t\t<div class=\"elementor-container elementor-column-gap-default\">\n\t\t\t\t\t<div class=\"elementor-column elementor-col-100 elementor-top-column elementor-widget-wrap elementor-element-populated elementor-element elementor-element-13938067\" data-id=\"13938067\" data-element_type=\"column\">\n\t\t\t\t\t\t\t\t\t\t<div class=\"elementor-element elementor-element-1f29045d elementor-widget elementor-widget-gyan_multi_heading\" data-id=\"1f29045d\" data-element_type=\"widget\" data-widget_type=\"gyan_multi_heading.default\">\n\t\t\t\t<div class=\"elementor-widget-container\">\n\t\t\t<div id =\"1f29045d\" class=\"gyan-multi-heading\"><div class=\"gyan-sub-heading\"><div class=\"gyan-sub-heading-content\">Facede Systems<\/div><\/div> <h1 class=\"gyan-heading-title\"><div class=\"gyan-main-heading\"><div class=\"gyan-main-heading-inner\">Composite panel\n<\/div><\/div><\/h1><\/div>\t\t<\/div>\n\t\t\t\t<\/div>\n\t\t\t\t<div class=\"elementor-element elementor-element-39a56c65 elementor-widget elementor-widget-text-editor\" data-id=\"39a56c65\" data-element_type=\"widget\" data-widget_type=\"text-editor.default\">\n\t\t\t\t<div class=\"elementor-widget-container\">\n\t\t\t\t\t\t\t\tWe bring forward advantageous options on the way to a solution with the types and prices of facade systems that create a great economic advantage.\n\n\t\t\t\t\t\t<\/div>\n\t\t\t\t<\/div>\n\t\t\t\t<div class=\"elementor-element elementor-element-597921a0 elementor-widget elementor-widget-gyan_multi_heading\" data-id=\"597921a0\" data-element_type=\"widget\" data-widget_type=\"gyan_multi_heading.default\">\n\t\t\t\t<div class=\"elementor-widget-container\">\n\t\t\t<div id =\"597921a0\" class=\"gyan-multi-heading\"><h2 class=\"gyan-heading-title\"><div class=\"gyan-main-heading\"><div class=\"gyan-main-heading-inner\">Akpa Composite Panel\n<\/div><div class=\"line gyan-button-icon-align-bottom\"><\/div><\/div><\/h2><\/div>\t\t<\/div>\n\t\t\t\t<\/div>\n\t\t\t\t<div class=\"elementor-element elementor-element-3614b9e0 elementor-grid-5 elementor-grid-tablet-2 elementor-grid-mobile-1 elementor-widget elementor-widget-gyan_portfolio\" data-id=\"3614b9e0\" data-element_type=\"widget\" data-settings=\"{&quot;columns&quot;:&quot;5&quot;,&quot;columns_tablet&quot;:&quot;2&quot;,&quot;columns_mobile&quot;:&quot;1&quot;}\" data-widget_type=\"gyan_portfolio.default\">\n\t\t\t\t<div class=\"elementor-widget-container\">\n\t\t\t        <div class=\"gyan-portfolio gyan-portfolio-3614b9e0\"\n        data-layout=\"grid\" data-rtl=\"false\">\n\n            \n            <div class=\"gyan-portfolio-grid gyan-elementor-grid gyan-pf-style-2 gyan-pf-overlay-scale gyan-pf-content-center\" >\n                                    <div class=\"gyan-portfolio-item gyan-grid-item-wrap cat-115 cat-115 cat-115 cat-115\">\n                            <div class=\"gyan-portfolio-item-inner gyan-grid-item\">\n                                <div class=\"gyan-portfolio-img-holder\">\n\n    <img decoding=\"async\" src=\"https:\/\/renktonaluminyum.com\/wp-content\/uploads\/2020\/11\/primebond-480x560-1.jpg\" alt=\"\">\n\n    \n        <div class=\"gyan-portfolio-overlay gyan-overlay gyan-flex\">\n            <div class=\"gyan-portfolio-all-content gyan-ease-transition gyan-flex\">\n\n                \n                    <div class=\"gyan-portfolio-content gyan-flex gyan-ease-transition\">\n\n                        \n                                                     <div class=\"gyan-portfolio-title\">\n                                <h4  class=\"gyan-portfolio-title-tag\">\n                                                                    <a href=\"https:\/\/renktonaluminyum.com\/en\/urunler\/primebond\/\" class=\"gyan-portfolio-title-link\">\n                                \n                                PR\u0130MEBOND\n                                                                    <\/a>\n                                                                <\/h4>\n                            <\/div>\n                        \n                        <div class=\"gyan-portfolio-category\">Akpa Kompozit Panel, Akpa Kompozit Panel, Akpa Kompozit Panel, Akpa Kompozit Panel<\/div>\n                        \n                    <\/div>\n\n                 \n            <\/div>\n        <\/div>\n\n     \n<\/div>                            <\/div>\n                        <\/div>\n                                                    <div class=\"gyan-portfolio-item gyan-grid-item-wrap \">\n                            <div class=\"gyan-portfolio-item-inner gyan-grid-item\">\n                                <div class=\"gyan-portfolio-img-holder\">\n\n    <img decoding=\"async\" src=\"https:\/\/renktonaluminyum.com\/wp-content\/uploads\/2020\/11\/durabond-480x560-1.jpg\" alt=\"\">\n\n    \n        <div class=\"gyan-portfolio-overlay gyan-overlay gyan-flex\">\n            <div class=\"gyan-portfolio-all-content gyan-ease-transition gyan-flex\">\n\n                \n                    <div class=\"gyan-portfolio-content gyan-flex gyan-ease-transition\">\n\n                        \n                                                     <div class=\"gyan-portfolio-title\">\n                                <h4  class=\"gyan-portfolio-title-tag\">\n                                                                    <a href=\"https:\/\/renktonaluminyum.com\/en\/urunler\/durabond\/\" class=\"gyan-portfolio-title-link\">\n                                \n                                DURABOND\n                                                                    <\/a>\n                                                                <\/h4>\n                            <\/div>\n                        \n                        \n                        \n                    <\/div>\n\n                 \n            <\/div>\n        <\/div>\n\n     \n<\/div>                            <\/div>\n                        <\/div>\n                                                    <div class=\"gyan-portfolio-item gyan-grid-item-wrap \">\n                            <div class=\"gyan-portfolio-item-inner gyan-grid-item\">\n                                <div class=\"gyan-portfolio-img-holder\">\n\n    <img decoding=\"async\" src=\"https:\/\/renktonaluminyum.com\/wp-content\/uploads\/2020\/11\/rallbond-480x560-1.jpg\" alt=\"\">\n\n    \n        <div class=\"gyan-portfolio-overlay gyan-overlay gyan-flex\">\n            <div class=\"gyan-portfolio-all-content gyan-ease-transition gyan-flex\">\n\n                \n                    <div class=\"gyan-portfolio-content gyan-flex gyan-ease-transition\">\n\n                        \n                                                     <div class=\"gyan-portfolio-title\">\n                                <h4  class=\"gyan-portfolio-title-tag\">\n                                                                    <a href=\"https:\/\/renktonaluminyum.com\/en\/urunler\/rallbond\/\" class=\"gyan-portfolio-title-link\">\n                                \n                                RALLBOND\n                                                                    <\/a>\n                                                                <\/h4>\n                            <\/div>\n                        \n                        \n                        \n                    <\/div>\n\n                 \n            <\/div>\n        <\/div>\n\n     \n<\/div>                            <\/div>\n                        <\/div>\n                                                    <div class=\"gyan-portfolio-item gyan-grid-item-wrap \">\n                            <div class=\"gyan-portfolio-item-inner gyan-grid-item\">\n                                <div class=\"gyan-portfolio-img-holder\">\n\n    <img decoding=\"async\" src=\"https:\/\/renktonaluminyum.com\/wp-content\/uploads\/2020\/11\/11-480x560-1.jpg\" alt=\"\">\n\n    \n        <div class=\"gyan-portfolio-overlay gyan-overlay gyan-flex\">\n            <div class=\"gyan-portfolio-all-content gyan-ease-transition gyan-flex\">\n\n                \n                    <div class=\"gyan-portfolio-content gyan-flex gyan-ease-transition\">\n\n                        \n                                                     <div class=\"gyan-portfolio-title\">\n                                <h4  class=\"gyan-portfolio-title-tag\">\n                                                                    <a href=\"https:\/\/renktonaluminyum.com\/en\/urunler\/akpa-kompozit-panel-teknik-katalog\/\" class=\"gyan-portfolio-title-link\">\n                                \n                                Akpa Kompozit Panel  Teknik Katalog\n                                                                    <\/a>\n                                                                <\/h4>\n                            <\/div>\n                        \n                        \n                        \n                    <\/div>\n\n                 \n            <\/div>\n        <\/div>\n\n     \n<\/div>                            <\/div>\n                        <\/div>\n                                        <\/div><div class=\"clear\"><\/div>\n        <\/div>\n\n         \n        \t\t<\/div>\n\t\t\t\t<\/div>\n\t\t\t\t<div class=\"elementor-element elementor-element-614edea0 elementor-widget elementor-widget-gyan_multi_heading\" data-id=\"614edea0\" data-element_type=\"widget\" data-widget_type=\"gyan_multi_heading.default\">\n\t\t\t\t<div class=\"elementor-widget-container\">\n\t\t\t<div id =\"614edea0\" class=\"gyan-multi-heading\"><h2 class=\"gyan-heading-title\"><div class=\"gyan-main-heading\"><div class=\"gyan-main-heading-inner\">Asa\u015f Composite Panel\n<\/div><div class=\"line gyan-button-icon-align-bottom\"><\/div><\/div><\/h2><\/div>\t\t<\/div>\n\t\t\t\t<\/div>\n\t\t\t\t<div class=\"elementor-element elementor-element-37a67c90 elementor-grid-5 elementor-grid-tablet-2 elementor-grid-mobile-1 elementor-widget elementor-widget-gyan_portfolio\" data-id=\"37a67c90\" data-element_type=\"widget\" data-settings=\"{&quot;columns&quot;:&quot;5&quot;,&quot;columns_tablet&quot;:&quot;2&quot;,&quot;columns_mobile&quot;:&quot;1&quot;}\" data-widget_type=\"gyan_portfolio.default\">\n\t\t\t\t<div class=\"elementor-widget-container\">\n\t\t\t        <div class=\"gyan-portfolio gyan-portfolio-37a67c90\"\n        data-layout=\"grid\" data-rtl=\"false\">\n\n            \n            <div class=\"gyan-portfolio-grid gyan-elementor-grid gyan-pf-style-2 gyan-pf-overlay-scale gyan-pf-content-center\" >\n                                    <div class=\"gyan-portfolio-item gyan-grid-item-wrap \">\n                            <div class=\"gyan-portfolio-item-inner gyan-grid-item\">\n                                <div class=\"gyan-portfolio-img-holder\">\n\n    <img decoding=\"async\" src=\"https:\/\/renktonaluminyum.com\/wp-content\/uploads\/2020\/11\/signbond-480x560-1.jpg\" alt=\"\">\n\n    \n        <div class=\"gyan-portfolio-overlay gyan-overlay gyan-flex\">\n            <div class=\"gyan-portfolio-all-content gyan-ease-transition gyan-flex\">\n\n                \n                    <div class=\"gyan-portfolio-content gyan-flex gyan-ease-transition\">\n\n                        \n                                                     <div class=\"gyan-portfolio-title\">\n                                <h4  class=\"gyan-portfolio-title-tag\">\n                                                                    <a href=\"https:\/\/renktonaluminyum.com\/en\/urunler\/signbond\/\" class=\"gyan-portfolio-title-link\">\n                                \n                                SIGNBOND\n                                                                    <\/a>\n                                                                <\/h4>\n                            <\/div>\n                        \n                        \n                        \n                    <\/div>\n\n                 \n            <\/div>\n        <\/div>\n\n     \n<\/div>                            <\/div>\n                        <\/div>\n                                                    <div class=\"gyan-portfolio-item gyan-grid-item-wrap \">\n                            <div class=\"gyan-portfolio-item-inner gyan-grid-item\">\n                                <div class=\"gyan-portfolio-img-holder\">\n\n    <img decoding=\"async\" src=\"https:\/\/renktonaluminyum.com\/wp-content\/uploads\/2020\/11\/alfabond-480x560-1.jpg\" alt=\"\">\n\n    \n        <div class=\"gyan-portfolio-overlay gyan-overlay gyan-flex\">\n            <div class=\"gyan-portfolio-all-content gyan-ease-transition gyan-flex\">\n\n                \n                    <div class=\"gyan-portfolio-content gyan-flex gyan-ease-transition\">\n\n                        \n                                                     <div class=\"gyan-portfolio-title\">\n                                <h4  class=\"gyan-portfolio-title-tag\">\n                                                                    <a href=\"https:\/\/renktonaluminyum.com\/en\/urunler\/alfabond\/\" class=\"gyan-portfolio-title-link\">\n                                \n                                ALFABOND\n                                                                    <\/a>\n                                                                <\/h4>\n                            <\/div>\n                        \n                        \n                        \n                    <\/div>\n\n                 \n            <\/div>\n        <\/div>\n\n     \n<\/div>                            <\/div>\n                        <\/div>\n                                                    <div class=\"gyan-portfolio-item gyan-grid-item-wrap cat-116 cat-116 cat-116\">\n                            <div class=\"gyan-portfolio-item-inner gyan-grid-item\">\n                                <div class=\"gyan-portfolio-img-holder\">\n\n    <img decoding=\"async\" src=\"https:\/\/renktonaluminyum.com\/wp-content\/uploads\/2020\/11\/naturalbond-480x560-1.jpg\" alt=\"\">\n\n    \n        <div class=\"gyan-portfolio-overlay gyan-overlay gyan-flex\">\n            <div class=\"gyan-portfolio-all-content gyan-ease-transition gyan-flex\">\n\n                \n                    <div class=\"gyan-portfolio-content gyan-flex gyan-ease-transition\">\n\n                        \n                                                     <div class=\"gyan-portfolio-title\">\n                                <h4  class=\"gyan-portfolio-title-tag\">\n                                                                    <a href=\"https:\/\/renktonaluminyum.com\/en\/urunler\/naturalbond\/\" class=\"gyan-portfolio-title-link\">\n                                \n                                NATURALBOND\n                                                                    <\/a>\n                                                                <\/h4>\n                            <\/div>\n                        \n                        <div class=\"gyan-portfolio-category\">Asa\u015f Kompozit Panel, Asa\u015f Kompozit Panel, Asa\u015f Kompozit Panel<\/div>\n                        \n                    <\/div>\n\n                 \n            <\/div>\n        <\/div>\n\n     \n<\/div>                            <\/div>\n                        <\/div>\n                                        <\/div><div class=\"clear\"><\/div>\n        <\/div>\n\n         \n        \t\t<\/div>\n\t\t\t\t<\/div>\n\t\t\t\t<\/div>\n\t\t\t\t\t\t\t<\/div>\n\t\t<\/section>\n\t\t\t\t\t\t<\/div>\n\t\t\t\t\t<\/div>\n\t\t","protected":false},"excerpt":{"rendered":"<p>Facede Systems Composite panel We bring forward advantageous options on the way to a solution with the types and prices of facade systems that create a great economic advantage. Akpa Composite Panel PR\u0130MEBOND Akpa Kompozit Panel DURABOND Akpa Kompozit Panel RALLBOND Akpa Kompozit Panel Akpa Kompozit Panel Teknik Katalog Akpa [&hellip;]<\/p>\n","protected":false},"author":1,"featured_media":0,"parent":0,"menu_order":0,"comment_status":"closed","ping_status":"closed","template":"","meta":{"footnotes":""},"class_list":["post-16695","page","type-page","status-publish","hentry"],"_links":{"self":[{"href":"https:\/\/renktonaluminyum.com\/en\/wp-json\/wp\/v2\/pages\/16695","targetHints":{"allow":["GET"]}}],"collection":[{"href":"https:\/\/renktonaluminyum.com\/en\/wp-json\/wp\/v2\/pages"}],"about":[{"href":"https:\/\/renktonaluminyum.com\/en\/wp-json\/wp\/v2\/types\/page"}],"author":[{"embeddable":true,"href":"https:\/\/renktonaluminyum.com\/en\/wp-json\/wp\/v2\/users\/1"}],"replies":[{"embeddable":true,"href":"https:\/\/renktonaluminyum.com\/en\/wp-json\/wp\/v2\/comments?post=16695"}],"version-history":[{"count":0,"href":"https:\/\/renktonaluminyum.com\/en\/wp-json\/wp\/v2\/pages\/16695\/revisions"}],"wp:attachment":[{"href":"https:\/\/renktonaluminyum.com\/en\/wp-json\/wp\/v2\/media?parent=16695"}],"curies":[{"name":"wp","href":"https:\/\/api.w.org\/{rel}","templated":true}]}}