{"id":16693,"date":"2021-02-02T07:11:31","date_gmt":"2021-02-02T04:11:31","guid":{"rendered":"http:\/\/www.renktonaluminyum.com\/?page_id=16693"},"modified":"2021-03-07T17:58:33","modified_gmt":"2021-03-07T14:58:33","slug":"catalogs","status":"publish","type":"page","link":"https:\/\/renktonaluminyum.com\/en\/catalogs\/","title":{"rendered":"Catalogs"},"content":{"rendered":"\t\t<div data-elementor-type=\"wp-page\" data-elementor-id=\"16693\" class=\"elementor elementor-16693\" data-elementor-settings=\"[]\">\n\t\t\t\t\t\t\t<div class=\"elementor-section-wrap\">\n\t\t\t\t\t\t\t<section class=\"elementor-section elementor-top-section elementor-element elementor-element-e06de24 elementor-section-full_width elementor-section-height-default elementor-section-height-default\" data-id=\"e06de24\" data-element_type=\"section\">\n\t\t\t\t\t\t<div class=\"elementor-container elementor-column-gap-default\">\n\t\t\t\t\t<div class=\"elementor-column elementor-col-100 elementor-top-column elementor-widget-wrap elementor-element-populated elementor-element elementor-element-0ca3938\" data-id=\"0ca3938\" data-element_type=\"column\">\n\t\t\t\t\t\t\t\t\t\t<div class=\"elementor-element elementor-element-780d64c elementor-widget elementor-widget-gyan_multi_heading\" data-id=\"780d64c\" data-element_type=\"widget\" data-widget_type=\"gyan_multi_heading.default\">\n\t\t\t\t<div class=\"elementor-widget-container\">\n\t\t\t<div id =\"780d64c\" class=\"gyan-multi-heading\"><div class=\"gyan-sub-heading\"><div class=\"gyan-sub-heading-content\">Aluminum joinery<\/div><\/div> <h1 class=\"gyan-heading-title\"><div class=\"gyan-main-heading\"><div class=\"gyan-main-heading-inner\">Catalogs\n<\/div><\/div><\/h1><\/div>\t\t<\/div>\n\t\t\t\t<\/div>\n\t\t\t\t<div class=\"elementor-element elementor-element-4782f35 elementor-widget elementor-widget-text-editor\" data-id=\"4782f35\" data-element_type=\"widget\" data-widget_type=\"text-editor.default\">\n\t\t\t\t<div class=\"elementor-widget-container\">\n\t\t\t\t\t\t\t\tWith the aluminum profile types and prices that create a great advantage economically, we bring the advantageous options on the way to the solution.\n\t\t\t\t\t\t<\/div>\n\t\t\t\t<\/div>\n\t\t\t\t<\/div>\n\t\t\t\t\t\t\t<\/div>\n\t\t<\/section>\n\t\t\t\t<section class=\"elementor-section elementor-top-section elementor-element elementor-element-2ab417b elementor-section-boxed elementor-section-height-default elementor-section-height-default\" data-id=\"2ab417b\" data-element_type=\"section\">\n\t\t\t\t\t\t<div class=\"elementor-container elementor-column-gap-default\">\n\t\t\t\t\t<div class=\"elementor-column elementor-col-100 elementor-top-column elementor-widget-wrap elementor-element-populated elementor-element elementor-element-728a651\" data-id=\"728a651\" data-element_type=\"column\">\n\t\t\t\t\t\t\t\t\t\t<div class=\"elementor-element elementor-element-392358c elementor-grid-5 elementor-grid-tablet-2 elementor-grid-mobile-1 elementor-widget elementor-widget-gyan_portfolio\" data-id=\"392358c\" data-element_type=\"widget\" data-settings=\"{&quot;columns&quot;:&quot;5&quot;,&quot;columns_tablet&quot;:&quot;2&quot;,&quot;columns_mobile&quot;:&quot;1&quot;}\" data-widget_type=\"gyan_portfolio.default\">\n\t\t\t\t<div class=\"elementor-widget-container\">\n\t\t\t        <div class=\"gyan-portfolio gyan-portfolio-392358c\"\n        data-layout=\"grid\" data-rtl=\"false\">\n\n            \n            <div class=\"gyan-portfolio-grid gyan-elementor-grid gyan-pf-style-2 gyan-pf-overlay-scale gyan-pf-content-center\" >\n                                    <div class=\"gyan-portfolio-item gyan-grid-item-wrap cat-249 cat-249 cat-249 cat-249 cat-249 cat-249 cat-249 cat-249 cat-249 cat-249\">\n                            <div class=\"gyan-portfolio-item-inner gyan-grid-item\">\n                                <div class=\"gyan-portfolio-img-holder\">\n\n    <img decoding=\"async\" src=\"https:\/\/renktonaluminyum.com\/wp-content\/uploads\/2021\/03\/tanzip-1400.jpg\" alt=\"\">\n\n    \n        <div class=\"gyan-portfolio-overlay gyan-overlay gyan-flex\">\n            <div class=\"gyan-portfolio-all-content gyan-ease-transition gyan-flex\">\n\n                \n                    <div class=\"gyan-portfolio-content gyan-flex gyan-ease-transition\">\n\n                        \n                                                     <div class=\"gyan-portfolio-title\">\n                                <h4  class=\"gyan-portfolio-title-tag\">\n                                                                    <a href=\"https:\/\/renktonaluminyum.com\/en\/urunler\/tanzip-1400-zip-perde\/\" class=\"gyan-portfolio-title-link\">\n                                \n                                Tanzip 1400 Zip Perde\n                                                                    <\/a>\n                                                                <\/h4>\n                            <\/div>\n                        \n                        \n                        \n                    <\/div>\n\n                 \n            <\/div>\n        <\/div>\n\n     \n<\/div>                            <\/div>\n                        <\/div>\n                                                    <div class=\"gyan-portfolio-item gyan-grid-item-wrap \">\n                            <div class=\"gyan-portfolio-item-inner gyan-grid-item\">\n                                <div class=\"gyan-portfolio-img-holder\">\n\n    <img decoding=\"async\" src=\"https:\/\/renktonaluminyum.com\/wp-content\/uploads\/2021\/03\/art-1200.jpg\" alt=\"\">\n\n    \n        <div class=\"gyan-portfolio-overlay gyan-overlay gyan-flex\">\n            <div class=\"gyan-portfolio-all-content gyan-ease-transition gyan-flex\">\n\n                \n                    <div class=\"gyan-portfolio-content gyan-flex gyan-ease-transition\">\n\n                        \n                                                     <div class=\"gyan-portfolio-title\">\n                                <h4  class=\"gyan-portfolio-title-tag\">\n                                                                    <a href=\"https:\/\/renktonaluminyum.com\/en\/urunler\/art-1200-zip-perde\/\" class=\"gyan-portfolio-title-link\">\n                                \n                                Art 1200 Zip Perde\n                                                                    <\/a>\n                                                                <\/h4>\n                            <\/div>\n                        \n                        \n                        \n                    <\/div>\n\n                 \n            <\/div>\n        <\/div>\n\n     \n<\/div>                            <\/div>\n                        <\/div>\n                                                    <div class=\"gyan-portfolio-item gyan-grid-item-wrap \">\n                            <div class=\"gyan-portfolio-item-inner gyan-grid-item\">\n                                <div class=\"gyan-portfolio-img-holder\">\n\n    <img decoding=\"async\" src=\"https:\/\/renktonaluminyum.com\/wp-content\/uploads\/2021\/02\/surme-.jpg\" alt=\"\">\n\n    \n        <div class=\"gyan-portfolio-overlay gyan-overlay gyan-flex\">\n            <div class=\"gyan-portfolio-all-content gyan-ease-transition gyan-flex\">\n\n                \n                    <div class=\"gyan-portfolio-content gyan-flex gyan-ease-transition\">\n\n                        \n                                                     <div class=\"gyan-portfolio-title\">\n                                <h4  class=\"gyan-portfolio-title-tag\">\n                                                                    <a href=\"https:\/\/renktonaluminyum.com\/en\/urunler\/5li-3lu-tek-cam-surme\/\" class=\"gyan-portfolio-title-link\">\n                                \n                                5&#8217;li &#038; 3&#8217;l\u00fc Tek Cam S\u00fcrme\n                                                                    <\/a>\n                                                                <\/h4>\n                            <\/div>\n                        \n                        \n                        \n                    <\/div>\n\n                 \n            <\/div>\n        <\/div>\n\n     \n<\/div>                            <\/div>\n                        <\/div>\n                                                    <div class=\"gyan-portfolio-item gyan-grid-item-wrap \">\n                            <div class=\"gyan-portfolio-item-inner gyan-grid-item\">\n                                <div class=\"gyan-portfolio-img-holder\">\n\n    <img decoding=\"async\" src=\"https:\/\/renktonaluminyum.com\/wp-content\/uploads\/2021\/02\/PS90-Cam-Sacak-Sundurma-Sistemi.jpg\" alt=\"\">\n\n    \n        <div class=\"gyan-portfolio-overlay gyan-overlay gyan-flex\">\n            <div class=\"gyan-portfolio-all-content gyan-ease-transition gyan-flex\">\n\n                \n                    <div class=\"gyan-portfolio-content gyan-flex gyan-ease-transition\">\n\n                        \n                                                     <div class=\"gyan-portfolio-title\">\n                                <h4  class=\"gyan-portfolio-title-tag\">\n                                                                    <a href=\"https:\/\/renktonaluminyum.com\/en\/urunler\/ps90-cam-sacak-sundurma-sistemi\/\" class=\"gyan-portfolio-title-link\">\n                                \n                                PS90 Cam Sa\u00e7ak &#038; Sundurma Sistemi\n                                                                    <\/a>\n                                                                <\/h4>\n                            <\/div>\n                        \n                        \n                        \n                    <\/div>\n\n                 \n            <\/div>\n        <\/div>\n\n     \n<\/div>                            <\/div>\n                        <\/div>\n                                                    <div class=\"gyan-portfolio-item gyan-grid-item-wrap \">\n                            <div class=\"gyan-portfolio-item-inner gyan-grid-item\">\n                                <div class=\"gyan-portfolio-img-holder\">\n\n    <img decoding=\"async\" src=\"https:\/\/renktonaluminyum.com\/wp-content\/uploads\/2021\/02\/ICB40-Katlanir-Isicamli-Cam-Balkon-Sistemi.jpg\" alt=\"\">\n\n    \n        <div class=\"gyan-portfolio-overlay gyan-overlay gyan-flex\">\n            <div class=\"gyan-portfolio-all-content gyan-ease-transition gyan-flex\">\n\n                \n                    <div class=\"gyan-portfolio-content gyan-flex gyan-ease-transition\">\n\n                        \n                                                     <div class=\"gyan-portfolio-title\">\n                                <h4  class=\"gyan-portfolio-title-tag\">\n                                                                    <a href=\"https:\/\/renktonaluminyum.com\/en\/urunler\/icb40-isicamli-katlanir-cam-balkon\/\" class=\"gyan-portfolio-title-link\">\n                                \n                                ICB40 Is\u0131caml\u0131 Katlan\u0131r Cam Balkon\n                                                                    <\/a>\n                                                                <\/h4>\n                            <\/div>\n                        \n                        \n                        \n                    <\/div>\n\n                 \n            <\/div>\n        <\/div>\n\n     \n<\/div>                            <\/div>\n                        <\/div>\n                                                    <div class=\"gyan-portfolio-item gyan-grid-item-wrap \">\n                            <div class=\"gyan-portfolio-item-inner gyan-grid-item\">\n                                <div class=\"gyan-portfolio-img-holder\">\n\n    <img decoding=\"async\" src=\"https:\/\/renktonaluminyum.com\/wp-content\/uploads\/2021\/02\/WG70-Kis-Bahcesi-1.jpg\" alt=\"\">\n\n    \n        <div class=\"gyan-portfolio-overlay gyan-overlay gyan-flex\">\n            <div class=\"gyan-portfolio-all-content gyan-ease-transition gyan-flex\">\n\n                \n                    <div class=\"gyan-portfolio-content gyan-flex gyan-ease-transition\">\n\n                        \n                                                     <div class=\"gyan-portfolio-title\">\n                                <h4  class=\"gyan-portfolio-title-tag\">\n                                                                    <a href=\"https:\/\/renktonaluminyum.com\/en\/urunler\/wg70-thermo-kis-bahcesi-2\/\" class=\"gyan-portfolio-title-link\">\n                                \n                                WG70 Thermo K\u0131\u015f Bah\u00e7esi\n                                                                    <\/a>\n                                                                <\/h4>\n                            <\/div>\n                        \n                        \n                        \n                    <\/div>\n\n                 \n            <\/div>\n        <\/div>\n\n     \n<\/div>                            <\/div>\n                        <\/div>\n                                                    <div class=\"gyan-portfolio-item gyan-grid-item-wrap \">\n                            <div class=\"gyan-portfolio-item-inner gyan-grid-item\">\n                                <div class=\"gyan-portfolio-img-holder\">\n\n    <img decoding=\"async\" src=\"https:\/\/renktonaluminyum.com\/wp-content\/uploads\/2021\/02\/KAYAR-PANJUR.jpg\" alt=\"\">\n\n    \n        <div class=\"gyan-portfolio-overlay gyan-overlay gyan-flex\">\n            <div class=\"gyan-portfolio-all-content gyan-ease-transition gyan-flex\">\n\n                \n                    <div class=\"gyan-portfolio-content gyan-flex gyan-ease-transition\">\n\n                        \n                                                     <div class=\"gyan-portfolio-title\">\n                                <h4  class=\"gyan-portfolio-title-tag\">\n                                                                    <a href=\"https:\/\/renktonaluminyum.com\/en\/urunler\/kayar-kapi-panjur-sistemi\/\" class=\"gyan-portfolio-title-link\">\n                                \n                                Kayar Kap\u0131 Panjur Sistemi\n                                                                    <\/a>\n                                                                <\/h4>\n                            <\/div>\n                        \n                        \n                        \n                    <\/div>\n\n                 \n            <\/div>\n        <\/div>\n\n     \n<\/div>                            <\/div>\n                        <\/div>\n                                                    <div class=\"gyan-portfolio-item gyan-grid-item-wrap \">\n                            <div class=\"gyan-portfolio-item-inner gyan-grid-item\">\n                                <div class=\"gyan-portfolio-img-holder\">\n\n    <img decoding=\"async\" src=\"https:\/\/renktonaluminyum.com\/wp-content\/uploads\/2021\/02\/WG70-Kis-Bahcesi.jpg\" alt=\"\">\n\n    \n        <div class=\"gyan-portfolio-overlay gyan-overlay gyan-flex\">\n            <div class=\"gyan-portfolio-all-content gyan-ease-transition gyan-flex\">\n\n                \n                    <div class=\"gyan-portfolio-content gyan-flex gyan-ease-transition\">\n\n                        \n                                                     <div class=\"gyan-portfolio-title\">\n                                <h4  class=\"gyan-portfolio-title-tag\">\n                                                                    <a href=\"https:\/\/renktonaluminyum.com\/en\/urunler\/sabit-cam-tavan\/\" class=\"gyan-portfolio-title-link\">\n                                \n                                Sabit Cam Tavan\n                                                                    <\/a>\n                                                                <\/h4>\n                            <\/div>\n                        \n                        \n                        \n                    <\/div>\n\n                 \n            <\/div>\n        <\/div>\n\n     \n<\/div>                            <\/div>\n                        <\/div>\n                                                    <div class=\"gyan-portfolio-item gyan-grid-item-wrap \">\n                            <div class=\"gyan-portfolio-item-inner gyan-grid-item\">\n                                <div class=\"gyan-portfolio-img-holder\">\n\n    <img decoding=\"async\" src=\"https:\/\/renktonaluminyum.com\/wp-content\/uploads\/2021\/02\/FD60-THERMO.jpg\" alt=\"\">\n\n    \n        <div class=\"gyan-portfolio-overlay gyan-overlay gyan-flex\">\n            <div class=\"gyan-portfolio-all-content gyan-ease-transition gyan-flex\">\n\n                \n                    <div class=\"gyan-portfolio-content gyan-flex gyan-ease-transition\">\n\n                        \n                                                     <div class=\"gyan-portfolio-title\">\n                                <h4  class=\"gyan-portfolio-title-tag\">\n                                                                    <a href=\"https:\/\/renktonaluminyum.com\/en\/urunler\/fd60-thermo-katlanir-kapi\/\" class=\"gyan-portfolio-title-link\">\n                                \n                                FD60 Thermo Katlan\u0131r Kap\u0131\n                                                                    <\/a>\n                                                                <\/h4>\n                            <\/div>\n                        \n                        \n                        \n                    <\/div>\n\n                 \n            <\/div>\n        <\/div>\n\n     \n<\/div>                            <\/div>\n                        <\/div>\n                                                    <div class=\"gyan-portfolio-item gyan-grid-item-wrap \">\n                            <div class=\"gyan-portfolio-item-inner gyan-grid-item\">\n                                <div class=\"gyan-portfolio-img-holder\">\n\n    <img decoding=\"async\" src=\"https:\/\/renktonaluminyum.com\/wp-content\/uploads\/2021\/02\/SH110-Motorlu-Giyotin.jpg\" alt=\"\">\n\n    \n        <div class=\"gyan-portfolio-overlay gyan-overlay gyan-flex\">\n            <div class=\"gyan-portfolio-all-content gyan-ease-transition gyan-flex\">\n\n                \n                    <div class=\"gyan-portfolio-content gyan-flex gyan-ease-transition\">\n\n                        \n                                                     <div class=\"gyan-portfolio-title\">\n                                <h4  class=\"gyan-portfolio-title-tag\">\n                                                                    <a href=\"https:\/\/renktonaluminyum.com\/en\/urunler\/motorlu-giyotin\/\" class=\"gyan-portfolio-title-link\">\n                                \n                                Motorlu Giyotin\n                                                                    <\/a>\n                                                                <\/h4>\n                            <\/div>\n                        \n                        \n                        \n                    <\/div>\n\n                 \n            <\/div>\n        <\/div>\n\n     \n<\/div>                            <\/div>\n                        <\/div>\n                                        <\/div><div class=\"clear\"><\/div>\n        <\/div>\n\n         \n        \t\t<\/div>\n\t\t\t\t<\/div>\n\t\t\t\t<\/div>\n\t\t\t\t\t\t\t<\/div>\n\t\t<\/section>\n\t\t\t\t\t\t<\/div>\n\t\t\t\t\t<\/div>\n\t\t","protected":false},"excerpt":{"rendered":"<p>Aluminum joinery Catalogs With the aluminum profile types and prices that create a great advantage economically, we bring the advantageous options on the way to the solution. 5&#8217;li &#038; 3&#8217;l\u00fc Tek Cam S\u00fcrme PS90 Cam Sa\u00e7ak &#038; Sundurma Sistemi ICB40 Is\u0131caml\u0131 Katlan\u0131r Cam Balkon WG70 Thermo K\u0131\u015f Bah\u00e7esi Kayar Kap\u0131 [&hellip;]<\/p>\n","protected":false},"author":1,"featured_media":0,"parent":0,"menu_order":0,"comment_status":"closed","ping_status":"closed","template":"","meta":{"footnotes":""},"class_list":["post-16693","page","type-page","status-publish","hentry"],"_links":{"self":[{"href":"https:\/\/renktonaluminyum.com\/en\/wp-json\/wp\/v2\/pages\/16693","targetHints":{"allow":["GET"]}}],"collection":[{"href":"https:\/\/renktonaluminyum.com\/en\/wp-json\/wp\/v2\/pages"}],"about":[{"href":"https:\/\/renktonaluminyum.com\/en\/wp-json\/wp\/v2\/types\/page"}],"author":[{"embeddable":true,"href":"https:\/\/renktonaluminyum.com\/en\/wp-json\/wp\/v2\/users\/1"}],"replies":[{"embeddable":true,"href":"https:\/\/renktonaluminyum.com\/en\/wp-json\/wp\/v2\/comments?post=16693"}],"version-history":[{"count":0,"href":"https:\/\/renktonaluminyum.com\/en\/wp-json\/wp\/v2\/pages\/16693\/revisions"}],"wp:attachment":[{"href":"https:\/\/renktonaluminyum.com\/en\/wp-json\/wp\/v2\/media?parent=16693"}],"curies":[{"name":"wp","href":"https:\/\/api.w.org\/{rel}","templated":true}]}}