{"id":16672,"date":"2021-02-03T03:47:36","date_gmt":"2021-02-03T00:47:36","guid":{"rendered":"http:\/\/www.renktonaluminyum.com\/?page_id=16672"},"modified":"2021-02-08T06:40:18","modified_gmt":"2021-02-08T03:40:18","slug":"contact","status":"publish","type":"page","link":"https:\/\/renktonaluminyum.com\/en\/contact\/","title":{"rendered":"Contact"},"content":{"rendered":"\t\t<div data-elementor-type=\"wp-page\" data-elementor-id=\"16672\" class=\"elementor elementor-16672\" data-elementor-settings=\"[]\">\n\t\t\t\t\t\t\t<div class=\"elementor-section-wrap\">\n\t\t\t\t\t\t\t<section class=\"elementor-section elementor-top-section elementor-element elementor-element-ee44195 elementor-section-full_width elementor-section-stretched elementor-section-height-default elementor-section-height-default\" data-id=\"ee44195\" data-element_type=\"section\" data-settings=\"{&quot;stretch_section&quot;:&quot;section-stretched&quot;}\">\n\t\t\t\t\t\t<div class=\"elementor-container elementor-column-gap-default\">\n\t\t\t\t\t<div class=\"elementor-column elementor-col-100 elementor-top-column elementor-widget-wrap elementor-element-populated elementor-element elementor-element-8816aa0\" data-id=\"8816aa0\" data-element_type=\"column\">\n\t\t\t\t\t\t\t\t\t\t<div class=\"elementor-element elementor-element-543a186 elementor-widget elementor-widget-google_maps\" data-id=\"543a186\" data-element_type=\"widget\" data-widget_type=\"google_maps.default\">\n\t\t\t\t<div class=\"elementor-widget-container\">\n\t\t\t\t\t<div class=\"elementor-custom-embed\">\n\t\t\t<iframe frameborder=\"0\" scrolling=\"no\" marginheight=\"0\" marginwidth=\"0\" src=\"https:\/\/maps.google.com\/maps?q=Dumlup%C4%B1nar%2C%20No%3A%2C%20Dumlup%C4%B1nar%20Cd.%20No%3A7%2C%2034766%20%C3%9Cmraniye%2F%C4%B0stanbul&amp;t=m&amp;z=13&amp;output=embed&amp;iwloc=near\" title=\"%3$s\" aria-label=\"%3$s\"><\/iframe>\n\t\t<\/div>\n\t\t\t\t<\/div>\n\t\t\t\t<\/div>\n\t\t\t\t<\/div>\n\t\t\t\t\t\t\t<\/div>\n\t\t<\/section>\n\t\t\t\t<section class=\"elementor-section elementor-top-section elementor-element elementor-element-5e2463c elementor-section-stretched elementor-section-boxed elementor-section-height-default elementor-section-height-default\" data-id=\"5e2463c\" data-element_type=\"section\" data-settings=\"{&quot;stretch_section&quot;:&quot;section-stretched&quot;}\">\n\t\t\t\t\t\t<div class=\"elementor-container elementor-column-gap-default\">\n\t\t\t\t\t<div class=\"elementor-column elementor-col-50 elementor-top-column elementor-widget-wrap elementor-element-populated elementor-element elementor-element-23bae62e\" data-id=\"23bae62e\" data-element_type=\"column\">\n\t\t\t\t\t\t\t\t\t\t<section class=\"elementor-section elementor-inner-section elementor-element elementor-element-16d7da38 elementor-section-boxed elementor-section-height-default elementor-section-height-default\" data-id=\"16d7da38\" data-element_type=\"section\">\n\t\t\t\t\t\t<div class=\"elementor-container elementor-column-gap-no\">\n\t\t\t\t\t<div class=\"elementor-column elementor-col-100 elementor-inner-column elementor-widget-wrap elementor-element-populated elementor-element elementor-element-319f0fc3\" data-id=\"319f0fc3\" data-element_type=\"column\">\n\t\t\t\t\t\t\t\t\t\t<div class=\"elementor-element elementor-element-7f318c7c gyan-title-st-line-after gyan-title-desc-left elementor-widget elementor-widget-gyan_title\" data-id=\"7f318c7c\" data-element_type=\"widget\" data-widget_type=\"gyan_title.default\">\n\t\t\t\t<div class=\"elementor-widget-container\">\n\t\t\t\t\t<div class=\"gyan-title\">\r\n\t\t\t<h1 class=\"gyan-title-heading\">Contact Us !<\/h1><div class=\"gyan-title-subtitle\"><span>Our Contact Information<\/span><\/div><div class=\"gyan-title-desc\">Please call us, send us an e-mail or fill in the contact form and we will get back to you.\n<\/div>\t\t<\/div>\r\n\t\t\t\t<\/div>\n\t\t\t\t<\/div>\n\t\t\t\t<div class=\"elementor-element elementor-element-520416da gyan-icon-list-traditional gyan-icon-left elementor-widget elementor-widget-gyan_icon_list\" data-id=\"520416da\" data-element_type=\"widget\" data-widget_type=\"gyan_icon_list.default\">\n\t\t\t\t<div class=\"elementor-widget-container\">\n\t\t\t        <div class=\"gyan-icon-list-wrap\">\n            <ul class=\"gyan-ilist-items\">\n                                                            <li>\n                            <a href=\"#\">                                    <span class=\"gyan-icon-wrapper\">\n                                                                                        <span class=\"gyan-icon-list-icon gyan-icon \"><i aria-hidden=\"true\" class=\"far fa-envelope\"><\/i><\/span>\n\t\t\t\t\t\t\t\t\t\t\t\t                                    <\/span>\n                                    <span class=\"gyan-icon-list-text\">info@renktonaluminyum.com<\/span><\/a>                        <\/li>\n                                                                                <li>\n                                                                <span class=\"gyan-icon-wrapper\">\n                                                                                        <span class=\"gyan-icon-list-icon gyan-icon \"><i aria-hidden=\"true\" class=\"fas fa-phone-volume\"><\/i><\/span>\n\t\t\t\t\t\t\t\t\t\t\t\t                                    <\/span>\n                                    <span class=\"gyan-icon-list-text\">+90 (0216) 631 51 91<\/span>                        <\/li>\n                                                                                <li>\n                                                                <span class=\"gyan-icon-wrapper\">\n                                                                                        <span class=\"gyan-icon-list-icon gyan-icon \"><i aria-hidden=\"true\" class=\"fas fa-map-marker-alt\"><\/i><\/span>\n\t\t\t\t\t\t\t\t\t\t\t\t                                    <\/span>\n                                    <span class=\"gyan-icon-list-text\">Dumlup\u0131nar, No:, Dumlup\u0131nar Cd. No:7, 34766 \u00dcmraniye\/\u0130stanbul<\/span>                        <\/li>\n                                                <\/ul>\n        <\/div>\n        \t\t<\/div>\n\t\t\t\t<\/div>\n\t\t\t\t<\/div>\n\t\t\t\t\t\t\t<\/div>\n\t\t<\/section>\n\t\t\t\t<\/div>\n\t\t\t\t<div class=\"elementor-column elementor-col-50 elementor-top-column elementor-widget-wrap elementor-element-populated elementor-element elementor-element-542faa10\" data-id=\"542faa10\" data-element_type=\"column\">\n\t\t\t\t\t\t\t\t\t\t<section class=\"elementor-section elementor-inner-section elementor-element elementor-element-6dedceb elementor-section-boxed elementor-section-height-default elementor-section-height-default\" data-id=\"6dedceb\" data-element_type=\"section\" data-settings=\"{&quot;background_background&quot;:&quot;classic&quot;}\">\n\t\t\t\t\t\t<div class=\"elementor-container elementor-column-gap-no\">\n\t\t\t\t\t<div class=\"elementor-column elementor-col-100 elementor-inner-column elementor-widget-wrap elementor-element-populated elementor-element elementor-element-2a8defa1\" data-id=\"2a8defa1\" data-element_type=\"column\">\n\t\t\t\t\t\t\t\t\t\t<div class=\"elementor-element elementor-element-256f284e elementor-widget elementor-widget-heading\" data-id=\"256f284e\" data-element_type=\"widget\" data-widget_type=\"heading.default\">\n\t\t\t\t<div class=\"elementor-widget-container\">\n\t\t\t<h2 class=\"elementor-heading-title elementor-size-default\">Contact Us !\n<\/h2>\t\t<\/div>\n\t\t\t\t<\/div>\n\t\t\t\t<div class=\"elementor-element elementor-element-1854880 gyan-cf7-button-justify gyan-cf7-style-box gyan-cf7-highlight-style-default elementor-widget elementor-widget-gyan_contact_form_styler\" data-id=\"1854880\" data-element_type=\"widget\" data-widget_type=\"gyan_contact_form_styler.default\">\n\t\t\t\t<div class=\"elementor-widget-container\">\n\t\t\t\t\t\t\t<div class = \"gyan-cf7-container\">\n\t\t\t\t\t\t<div class = \"gyan-cf7 gyan-cf7-style elementor-clickable\">\n\t\t\t\t\t\t\n<div class=\"wpcf7 no-js\" id=\"wpcf7-f1872-o1\" lang=\"en-US\" dir=\"ltr\" data-wpcf7-id=\"1872\">\n<div class=\"screen-reader-response\"><p role=\"status\" aria-live=\"polite\" aria-atomic=\"true\"><\/p> <ul><\/ul><\/div>\n<form action=\"\/en\/wp-json\/wp\/v2\/pages\/16672#wpcf7-f1872-o1\" method=\"post\" class=\"wpcf7-form init\" aria-label=\"Contact form\" novalidate=\"novalidate\" data-status=\"init\">\n<fieldset class=\"hidden-fields-container\"><input type=\"hidden\" name=\"_wpcf7\" value=\"1872\" \/><input type=\"hidden\" name=\"_wpcf7_version\" value=\"6.1.4\" \/><input type=\"hidden\" name=\"_wpcf7_locale\" value=\"en_US\" \/><input type=\"hidden\" name=\"_wpcf7_unit_tag\" value=\"wpcf7-f1872-o1\" \/><input type=\"hidden\" name=\"_wpcf7_container_post\" value=\"0\" \/><input type=\"hidden\" name=\"_wpcf7_posted_data_hash\" value=\"\" \/>\n<\/fieldset>\n<div>\n\t<p><span class=\"wpcf7-form-control-wrap\" data-name=\"your-name\"><input size=\"40\" maxlength=\"400\" class=\"wpcf7-form-control wpcf7-text wpcf7-validates-as-required\" aria-required=\"true\" aria-invalid=\"false\" placeholder=\"\u0130sim Soyisim *\" value=\"\" type=\"text\" name=\"your-name\" \/><\/span>\n\t<\/p>\n<\/div>\n<div>\n\t<p><span class=\"wpcf7-form-control-wrap\" data-name=\"your-email\"><input size=\"40\" maxlength=\"400\" class=\"wpcf7-form-control wpcf7-email wpcf7-validates-as-required wpcf7-text wpcf7-validates-as-email\" aria-required=\"true\" aria-invalid=\"false\" placeholder=\"E Posta *\" value=\"\" type=\"email\" name=\"your-email\" \/><\/span>\n\t<\/p>\n<\/div>\n<div>\n\t<p><span class=\"wpcf7-form-control-wrap\" data-name=\"your-message\"><textarea cols=\"40\" rows=\"10\" maxlength=\"2000\" class=\"wpcf7-form-control wpcf7-textarea\" aria-invalid=\"false\" placeholder=\"Mesaj\u0131n\u0131z\" name=\"your-message\"><\/textarea><\/span>\n\t<\/p>\n<\/div>\n<div>\n\t<p><input class=\"wpcf7-form-control wpcf7-submit has-spinner\" type=\"submit\" value=\"G\u00f6nder\" \/>\n\t<\/p>\n<\/div><div class=\"wpcf7-response-output\" aria-hidden=\"true\"><\/div>\n<\/form>\n<\/div>\n\t\t\t\t\t<\/div>\n\t\t\t\t<\/div>\n\t\t\t\t\t\t<\/div>\n\t\t\t\t<\/div>\n\t\t\t\t<\/div>\n\t\t\t\t\t\t\t<\/div>\n\t\t<\/section>\n\t\t\t\t<\/div>\n\t\t\t\t\t\t\t<\/div>\n\t\t<\/section>\n\t\t\t\t<section class=\"elementor-section elementor-top-section elementor-element elementor-element-407996a9 elementor-section-stretched elementor-section-content-middle elementor-section-boxed elementor-section-height-default elementor-section-height-default\" data-id=\"407996a9\" data-element_type=\"section\" data-settings=\"{&quot;stretch_section&quot;:&quot;section-stretched&quot;,&quot;background_background&quot;:&quot;classic&quot;}\">\n\t\t\t\t\t\t<div class=\"elementor-container elementor-column-gap-default\">\n\t\t\t\t\t<div class=\"elementor-column elementor-col-100 elementor-top-column elementor-widget-wrap elementor-element-populated elementor-element elementor-element-15d244a6\" data-id=\"15d244a6\" data-element_type=\"column\">\n\t\t\t\t\t\t\t\t\t\t<div class=\"elementor-element elementor-element-3f8a233d elementor-widget__width-auto elementor-widget-mobile__width-inherit elementor-widget elementor-widget-heading\" data-id=\"3f8a233d\" data-element_type=\"widget\" data-widget_type=\"heading.default\">\n\t\t\t\t<div class=\"elementor-widget-container\">\n\t\t\t<div class=\"elementor-heading-title elementor-size-default\">We in Social Media\n<\/div>\t\t<\/div>\n\t\t\t\t<\/div>\n\t\t\t\t<div class=\"elementor-element elementor-element-13334889 elementor-shape-circle e-grid-align-left e-grid-align-mobile-center elementor-widget__width-auto elementor-widget-mobile__width-inherit elementor-grid-0 elementor-widget elementor-widget-social-icons\" data-id=\"13334889\" data-element_type=\"widget\" data-widget_type=\"social-icons.default\">\n\t\t\t\t<div class=\"elementor-widget-container\">\n\t\t\t\t\t<div class=\"elementor-social-icons-wrapper elementor-grid\">\n\t\t\t\t\t\t\t<span class=\"elementor-grid-item\">\n\t\t\t\t\t<a class=\"elementor-icon elementor-social-icon elementor-social-icon-facebook-f elementor-animation-grow elementor-repeater-item-f33f89d\" href=\"https:\/\/facebook.com\/renktonaluminyumcom\" target=\"_blank\">\n\t\t\t\t\t\t<span class=\"elementor-screen-only\">Facebook-f<\/span>\n\t\t\t\t\t\t<i class=\"fab fa-facebook-f\"><\/i>\t\t\t\t\t<\/a>\n\t\t\t\t<\/span>\n\t\t\t\t\t\t\t<span class=\"elementor-grid-item\">\n\t\t\t\t\t<a class=\"elementor-icon elementor-social-icon elementor-social-icon-instagram elementor-animation-grow elementor-repeater-item-9e946f4\" href=\"https:\/\/instagram.com\/renktonaluminyumcom\" target=\"_blank\">\n\t\t\t\t\t\t<span class=\"elementor-screen-only\">Instagram<\/span>\n\t\t\t\t\t\t<i class=\"fab fa-instagram\"><\/i>\t\t\t\t\t<\/a>\n\t\t\t\t<\/span>\n\t\t\t\t\t\t\t<span class=\"elementor-grid-item\">\n\t\t\t\t\t<a class=\"elementor-icon elementor-social-icon elementor-social-icon-pinterest elementor-animation-grow elementor-repeater-item-8fb5ff2\" href=\"https:\/\/pinterest.com\/renktonaluminyumcom\" target=\"_blank\">\n\t\t\t\t\t\t<span class=\"elementor-screen-only\">Pinterest<\/span>\n\t\t\t\t\t\t<i class=\"fab fa-pinterest\"><\/i>\t\t\t\t\t<\/a>\n\t\t\t\t<\/span>\n\t\t\t\t\t<\/div>\n\t\t\t\t<\/div>\n\t\t\t\t<\/div>\n\t\t\t\t<\/div>\n\t\t\t\t\t\t\t<\/div>\n\t\t<\/section>\n\t\t\t\t\t\t<\/div>\n\t\t\t\t\t<\/div>\n\t\t","protected":false},"excerpt":{"rendered":"<p>Contact Us ! Our Contact InformationPlease call us, send us an e-mail or fill in the contact form and we will get back to you. info@renktonaluminyum.com +90 (0216) 631 51 91 Dumlup\u0131nar, No:, Dumlup\u0131nar Cd. No:7, 34766 \u00dcmraniye\/\u0130stanbul Contact Us ! We in Social Media Facebook-f Instagram Pinterest<\/p>\n","protected":false},"author":1,"featured_media":0,"parent":0,"menu_order":0,"comment_status":"closed","ping_status":"closed","template":"elementor_header_footer","meta":{"footnotes":""},"class_list":["post-16672","page","type-page","status-publish","hentry"],"_links":{"self":[{"href":"https:\/\/renktonaluminyum.com\/en\/wp-json\/wp\/v2\/pages\/16672","targetHints":{"allow":["GET"]}}],"collection":[{"href":"https:\/\/renktonaluminyum.com\/en\/wp-json\/wp\/v2\/pages"}],"about":[{"href":"https:\/\/renktonaluminyum.com\/en\/wp-json\/wp\/v2\/types\/page"}],"author":[{"embeddable":true,"href":"https:\/\/renktonaluminyum.com\/en\/wp-json\/wp\/v2\/users\/1"}],"replies":[{"embeddable":true,"href":"https:\/\/renktonaluminyum.com\/en\/wp-json\/wp\/v2\/comments?post=16672"}],"version-history":[{"count":0,"href":"https:\/\/renktonaluminyum.com\/en\/wp-json\/wp\/v2\/pages\/16672\/revisions"}],"wp:attachment":[{"href":"https:\/\/renktonaluminyum.com\/en\/wp-json\/wp\/v2\/media?parent=16672"}],"curies":[{"name":"wp","href":"https:\/\/api.w.org\/{rel}","templated":true}]}}